{"id":1025,"date":"2020-11-19T12:24:32","date_gmt":"2020-11-19T12:24:32","guid":{"rendered":"https:\/\/qi75.qodeinteractive.com\/?page_id=1025"},"modified":"2025-04-01T18:32:41","modified_gmt":"2025-04-01T16:32:41","slug":"about-me","status":"publish","type":"page","link":"https:\/\/damiopiercer.it\/?page_id=1025","title":{"rendered":"About ME"},"content":{"rendered":"\t\t<div data-elementor-type=\"wp-page\" data-elementor-id=\"1025\" class=\"elementor elementor-1025\">\n\t\t\t\t\t\t<section class=\"elementor-section elementor-top-section elementor-element elementor-element-ffaecdf elementor-section-content-middle qodef-elementor-content-grid elementor-section-boxed elementor-section-height-default elementor-section-height-default\" data-id=\"ffaecdf\" data-element_type=\"section\" data-e-type=\"section\" data-settings=\"{&quot;background_background&quot;:&quot;classic&quot;}\">\n\t\t\t\t\t\t<div class=\"elementor-container elementor-column-gap-default\">\n\t\t\t\t\t<div class=\"elementor-column elementor-col-50 elementor-top-column elementor-element elementor-element-bef7a53\" data-id=\"bef7a53\" data-element_type=\"column\" data-e-type=\"column\">\n\t\t\t<div class=\"elementor-widget-wrap elementor-element-populated\">\n\t\t\t\t\t\t<div class=\"elementor-element elementor-element-46ffa3b elementor-widget__width-initial elementor-widget-tablet__width-inherit elementor-widget elementor-widget-qi_addons_for_elementor_section_title\" data-id=\"46ffa3b\" data-element_type=\"widget\" data-e-type=\"widget\" data-widget_type=\"qi_addons_for_elementor_section_title.default\">\n\t\t\t\t<div class=\"elementor-widget-container\">\n\t\t\t\t\t<div class=\"qodef-shortcode qodef-m qodef-qi-section-title qodef-decoration--italic qodef-link--underline-draw qodef-subtitle-icon--left\">\n\t\t\t\t<h6 class=\"qodef-m-subtitle\">\n\t\tDamio Piercer\t\t\t<\/h6>\n\t\t\t<h2 class=\"qodef-m-title\">\n\t\tAbout ME\t<\/h2>\n\t\t\t<div class=\"qodef-m-text\"><p>Damiano Apuzzo, conosciuto come Damio, specializzato in body piercing. <br \/>Con una vera passione per l'arte del corpo e una grande attenzione per i dettagli, Damio offre un'esperienza sicura e personalizzata ai suoi clienti. Combinando competenza tecnica e creativit\u00e0, ogni intervento \u00e8 curato con dedizione e attenzione, tenendo conto dell'estetica e dell'anatomia individuali.<\/p><\/div>\n\t\t<div class=\"qodef-m-button qodef-qi-clear\">\n\t\t<a class=\"qodef-shortcode qodef-m qodef-qi-button qodef-html--link qodef-layout--textual qodef-type--standard qodef-icon--right qodef-hover--icon-move-horizontal-short qodef-text-underline qodef-underline--left\" href=\"#\" target=\"_self\">\t<span class=\"qodef-m-text\">View more<\/span>\t\t<span class=\"qodef-m-icon\">\t\t<span class=\"qodef-m-icon-inner\">\t\t\t\t\t\t\t\t<\/span>\t<\/span><\/a>\t<\/div>\n<\/div>\n\t\t\t\t<\/div>\n\t\t\t\t<\/div>\n\t\t\t\t\t<\/div>\n\t\t<\/div>\n\t\t\t\t<div class=\"elementor-column elementor-col-50 elementor-top-column elementor-element elementor-element-222294c\" data-id=\"222294c\" data-element_type=\"column\" data-e-type=\"column\">\n\t\t\t<div class=\"elementor-widget-wrap elementor-element-populated\">\n\t\t\t\t\t\t<section class=\"elementor-section elementor-inner-section elementor-element elementor-element-3df78c1 elementor-section-boxed elementor-section-height-default elementor-section-height-default qodef-elementor-content-no\" data-id=\"3df78c1\" data-element_type=\"section\" data-e-type=\"section\">\n\t\t\t\t\t\t<div class=\"elementor-container elementor-column-gap-default\">\n\t\t\t\t\t<div class=\"elementor-column elementor-col-100 elementor-inner-column elementor-element elementor-element-0b54954\" data-id=\"0b54954\" data-element_type=\"column\" data-e-type=\"column\">\n\t\t\t<div class=\"elementor-widget-wrap elementor-element-populated\">\n\t\t\t\t\t\t<div class=\"elementor-element elementor-element-8f9adff elementor-widget__width-auto elementor-widget elementor-widget-image\" data-id=\"8f9adff\" data-element_type=\"widget\" data-e-type=\"widget\" data-widget_type=\"image.default\">\n\t\t\t\t<div class=\"elementor-widget-container\">\n\t\t\t\t\t\t\t\t\t\t\t\t\t\t\t<img fetchpriority=\"high\" decoding=\"async\" width=\"1500\" height=\"1000\" src=\"https:\/\/damiopiercer.it\/wp-content\/uploads\/2025\/03\/ART07257.jpg\" class=\"attachment-full size-full wp-image-3328\" alt=\"\" srcset=\"https:\/\/damiopiercer.it\/wp-content\/uploads\/2025\/03\/ART07257.jpg 1500w, https:\/\/damiopiercer.it\/wp-content\/uploads\/2025\/03\/ART07257-300x200.jpg 300w, https:\/\/damiopiercer.it\/wp-content\/uploads\/2025\/03\/ART07257-1024x683.jpg 1024w, https:\/\/damiopiercer.it\/wp-content\/uploads\/2025\/03\/ART07257-768x512.jpg 768w\" sizes=\"(max-width: 1500px) 100vw, 1500px\" \/>\t\t\t\t\t\t\t\t\t\t\t\t\t\t\t<\/div>\n\t\t\t\t<\/div>\n\t\t\t\t\t<\/div>\n\t\t<\/div>\n\t\t\t\t\t<\/div>\n\t\t<\/section>\n\t\t\t\t\t<\/div>\n\t\t<\/div>\n\t\t\t\t\t<\/div>\n\t\t<\/section>\n\t\t\t\t<section class=\"elementor-section elementor-top-section elementor-element elementor-element-fc7a2e0 qodef-elementor-content-grid elementor-hidden-tablet elementor-hidden-mobile elementor-section-boxed elementor-section-height-default elementor-section-height-default\" data-id=\"fc7a2e0\" data-element_type=\"section\" data-e-type=\"section\" data-settings=\"{&quot;background_background&quot;:&quot;classic&quot;}\">\n\t\t\t\t\t\t<div class=\"elementor-container elementor-column-gap-default\">\n\t\t\t\t\t<div class=\"elementor-column elementor-col-100 elementor-top-column elementor-element elementor-element-e917ae1\" data-id=\"e917ae1\" data-element_type=\"column\" data-e-type=\"column\">\n\t\t\t<div class=\"elementor-widget-wrap\">\n\t\t\t\t\t\t\t<\/div>\n\t\t<\/div>\n\t\t\t\t\t<\/div>\n\t\t<\/section>\n\t\t\t\t<section class=\"elementor-section elementor-top-section elementor-element elementor-element-43f7714 qodef-elementor-content-grid elementor-section-boxed elementor-section-height-default elementor-section-height-default\" data-id=\"43f7714\" data-element_type=\"section\" data-e-type=\"section\" data-settings=\"{&quot;background_background&quot;:&quot;classic&quot;}\">\n\t\t\t\t\t\t<div class=\"elementor-container elementor-column-gap-default\">\n\t\t\t\t\t<div class=\"elementor-column elementor-col-100 elementor-top-column elementor-element elementor-element-2c459c0\" data-id=\"2c459c0\" data-element_type=\"column\" data-e-type=\"column\">\n\t\t\t<div class=\"elementor-widget-wrap elementor-element-populated\">\n\t\t\t\t\t\t<div class=\"elementor-element elementor-element-9030b9d elementor-widget elementor-widget-heading\" data-id=\"9030b9d\" data-element_type=\"widget\" data-e-type=\"widget\" data-widget_type=\"heading.default\">\n\t\t\t\t<div class=\"elementor-widget-container\">\n\t\t\t\t\t<h2 class=\"elementor-heading-title elementor-size-default\">Piercing \u2022 Aftercare \u2022 Consulenza <\/h2>\t\t\t\t<\/div>\n\t\t\t\t<\/div>\n\t\t\t\t\t<\/div>\n\t\t<\/div>\n\t\t\t\t\t<\/div>\n\t\t<\/section>\n\t\t\t\t<section class=\"elementor-section elementor-top-section elementor-element elementor-element-77a3891 elementor-section-full_width qodef-image-overflow elementor-section-height-default elementor-section-height-default qodef-elementor-content-no\" data-id=\"77a3891\" data-element_type=\"section\" data-e-type=\"section\">\n\t\t\t\t\t\t<div class=\"elementor-container elementor-column-gap-default\">\n\t\t\t\t\t<div class=\"elementor-column elementor-col-100 elementor-top-column elementor-element elementor-element-332e054\" data-id=\"332e054\" data-element_type=\"column\" data-e-type=\"column\">\n\t\t\t<div class=\"elementor-widget-wrap elementor-element-populated\">\n\t\t\t\t\t\t<div class=\"elementor-element elementor-element-f2ec1f6 elementor-widget elementor-widget-qi_addons_for_elementor_image_gallery\" data-id=\"f2ec1f6\" data-element_type=\"widget\" data-e-type=\"widget\" data-widget_type=\"qi_addons_for_elementor_image_gallery.default\">\n\t\t\t\t<div class=\"elementor-widget-container\">\n\t\t\t\t\t<div class=\"qodef-shortcode qodef-m qodef-qi-image-gallery qodef-qi-fslightbox-popup qodef-popup-gallery qodef-image--hover-move qodef-qi-grid qodef-layout--qi-columns qodef-col-num--4 qodef-responsive--custom qodef-col-num--1680--3 qodef-col-num--1440--4 qodef-col-num--1366--4 qodef-col-num--1024--2 qodef-col-num--768--2 qodef-col-num--680--1 qodef-col-num--480--1\">\n\t<div class=\"qodef-grid-inner\">\n\t\t<div class=\"qodef-e qodef-image-wrapper qodef-grid-item\">\n\t<div class=\"qodef-e-inner\">\n\t\t\t\t\t<a class=\"qodef-popup-item\" itemprop=\"image\" href=\"https:\/\/damiopiercer.it\/wp-content\/uploads\/2025\/03\/orecchio_01.jpg\" data-type=\"image\" data-fslightbox=\"gallery-6\">\n\t\t\t\t\t<img decoding=\"async\" width=\"1772\" height=\"1772\" src=\"https:\/\/damiopiercer.it\/wp-content\/uploads\/2025\/03\/orecchio_01.jpg\" class=\"attachment-full size-full\" alt=\"\" srcset=\"https:\/\/damiopiercer.it\/wp-content\/uploads\/2025\/03\/orecchio_01.jpg 1772w, https:\/\/damiopiercer.it\/wp-content\/uploads\/2025\/03\/orecchio_01-300x300.jpg 300w, https:\/\/damiopiercer.it\/wp-content\/uploads\/2025\/03\/orecchio_01-1024x1024.jpg 1024w, https:\/\/damiopiercer.it\/wp-content\/uploads\/2025\/03\/orecchio_01-150x150.jpg 150w, https:\/\/damiopiercer.it\/wp-content\/uploads\/2025\/03\/orecchio_01-768x768.jpg 768w, https:\/\/damiopiercer.it\/wp-content\/uploads\/2025\/03\/orecchio_01-1536x1536.jpg 1536w, https:\/\/damiopiercer.it\/wp-content\/uploads\/2025\/03\/orecchio_01-650x650.jpg 650w, https:\/\/damiopiercer.it\/wp-content\/uploads\/2025\/03\/orecchio_01-1300x1300.jpg 1300w\" sizes=\"(max-width: 1772px) 100vw, 1772px\" \/>\t\t\t\t\t<\/a>\n\t\t\t<\/div>\n<\/div>\n<div class=\"qodef-e qodef-image-wrapper qodef-grid-item\">\n\t<div class=\"qodef-e-inner\">\n\t\t\t\t\t<a class=\"qodef-popup-item\" itemprop=\"image\" href=\"https:\/\/damiopiercer.it\/wp-content\/uploads\/2025\/03\/lingua-da-sotto.jpg\" data-type=\"image\" data-fslightbox=\"gallery-6\">\n\t\t\t\t\t<img decoding=\"async\" width=\"1772\" height=\"1772\" src=\"https:\/\/damiopiercer.it\/wp-content\/uploads\/2025\/03\/lingua-da-sotto.jpg\" class=\"attachment-full size-full\" alt=\"\" srcset=\"https:\/\/damiopiercer.it\/wp-content\/uploads\/2025\/03\/lingua-da-sotto.jpg 1772w, https:\/\/damiopiercer.it\/wp-content\/uploads\/2025\/03\/lingua-da-sotto-300x300.jpg 300w, https:\/\/damiopiercer.it\/wp-content\/uploads\/2025\/03\/lingua-da-sotto-1024x1024.jpg 1024w, https:\/\/damiopiercer.it\/wp-content\/uploads\/2025\/03\/lingua-da-sotto-150x150.jpg 150w, https:\/\/damiopiercer.it\/wp-content\/uploads\/2025\/03\/lingua-da-sotto-768x768.jpg 768w, https:\/\/damiopiercer.it\/wp-content\/uploads\/2025\/03\/lingua-da-sotto-1536x1536.jpg 1536w, https:\/\/damiopiercer.it\/wp-content\/uploads\/2025\/03\/lingua-da-sotto-650x650.jpg 650w, https:\/\/damiopiercer.it\/wp-content\/uploads\/2025\/03\/lingua-da-sotto-1300x1300.jpg 1300w\" sizes=\"(max-width: 1772px) 100vw, 1772px\" \/>\t\t\t\t\t<\/a>\n\t\t\t<\/div>\n<\/div>\n<div class=\"qodef-e qodef-image-wrapper qodef-grid-item\">\n\t<div class=\"qodef-e-inner\">\n\t\t\t\t\t<a class=\"qodef-popup-item\" itemprop=\"image\" href=\"https:\/\/damiopiercer.it\/wp-content\/uploads\/2025\/03\/piercing-naso-damio.jpg\" data-type=\"image\" data-fslightbox=\"gallery-6\">\n\t\t\t\t\t<img loading=\"lazy\" decoding=\"async\" width=\"1440\" height=\"1440\" src=\"https:\/\/damiopiercer.it\/wp-content\/uploads\/2025\/03\/piercing-naso-damio.jpg\" class=\"attachment-full size-full\" alt=\"\" srcset=\"https:\/\/damiopiercer.it\/wp-content\/uploads\/2025\/03\/piercing-naso-damio.jpg 1440w, https:\/\/damiopiercer.it\/wp-content\/uploads\/2025\/03\/piercing-naso-damio-300x300.jpg 300w, https:\/\/damiopiercer.it\/wp-content\/uploads\/2025\/03\/piercing-naso-damio-1024x1024.jpg 1024w, https:\/\/damiopiercer.it\/wp-content\/uploads\/2025\/03\/piercing-naso-damio-150x150.jpg 150w, https:\/\/damiopiercer.it\/wp-content\/uploads\/2025\/03\/piercing-naso-damio-768x768.jpg 768w, https:\/\/damiopiercer.it\/wp-content\/uploads\/2025\/03\/piercing-naso-damio-650x650.jpg 650w, https:\/\/damiopiercer.it\/wp-content\/uploads\/2025\/03\/piercing-naso-damio-1300x1300.jpg 1300w\" sizes=\"(max-width: 1440px) 100vw, 1440px\" \/>\t\t\t\t\t<\/a>\n\t\t\t<\/div>\n<\/div>\n<div class=\"qodef-e qodef-image-wrapper qodef-grid-item\">\n\t<div class=\"qodef-e-inner\">\n\t\t\t\t\t<a class=\"qodef-popup-item\" itemprop=\"image\" href=\"https:\/\/damiopiercer.it\/wp-content\/uploads\/2025\/03\/orecchino-damio.jpg\" data-type=\"image\" data-fslightbox=\"gallery-6\">\n\t\t\t\t\t<img loading=\"lazy\" decoding=\"async\" width=\"1440\" height=\"1440\" src=\"https:\/\/damiopiercer.it\/wp-content\/uploads\/2025\/03\/orecchino-damio.jpg\" class=\"attachment-full size-full\" alt=\"\" srcset=\"https:\/\/damiopiercer.it\/wp-content\/uploads\/2025\/03\/orecchino-damio.jpg 1440w, https:\/\/damiopiercer.it\/wp-content\/uploads\/2025\/03\/orecchino-damio-300x300.jpg 300w, https:\/\/damiopiercer.it\/wp-content\/uploads\/2025\/03\/orecchino-damio-1024x1024.jpg 1024w, https:\/\/damiopiercer.it\/wp-content\/uploads\/2025\/03\/orecchino-damio-150x150.jpg 150w, https:\/\/damiopiercer.it\/wp-content\/uploads\/2025\/03\/orecchino-damio-768x768.jpg 768w, https:\/\/damiopiercer.it\/wp-content\/uploads\/2025\/03\/orecchino-damio-650x650.jpg 650w, https:\/\/damiopiercer.it\/wp-content\/uploads\/2025\/03\/orecchino-damio-1300x1300.jpg 1300w\" sizes=\"(max-width: 1440px) 100vw, 1440px\" \/>\t\t\t\t\t<\/a>\n\t\t\t<\/div>\n<\/div>\n\t<\/div>\n<\/div>\n\t\t\t\t<\/div>\n\t\t\t\t<\/div>\n\t\t\t\t\t<\/div>\n\t\t<\/div>\n\t\t\t\t\t<\/div>\n\t\t<\/section>\n\t\t\t\t<section class=\"elementor-section elementor-top-section elementor-element elementor-element-124561f qodef-elementor-content-grid elementor-section-boxed elementor-section-height-default elementor-section-height-default\" data-id=\"124561f\" data-element_type=\"section\" data-e-type=\"section\" data-settings=\"{&quot;background_background&quot;:&quot;classic&quot;}\">\n\t\t\t\t\t\t<div class=\"elementor-container elementor-column-gap-default\">\n\t\t\t\t\t<div class=\"elementor-column elementor-col-100 elementor-top-column elementor-element elementor-element-e271cf9\" data-id=\"e271cf9\" data-element_type=\"column\" data-e-type=\"column\">\n\t\t\t<div class=\"elementor-widget-wrap elementor-element-populated\">\n\t\t\t\t\t\t<div class=\"elementor-element elementor-element-eaa35bb elementor-widget elementor-widget-qi_addons_for_elementor_section_title\" data-id=\"eaa35bb\" data-element_type=\"widget\" data-e-type=\"widget\" data-widget_type=\"qi_addons_for_elementor_section_title.default\">\n\t\t\t\t<div class=\"elementor-widget-container\">\n\t\t\t\t\t<div class=\"qodef-shortcode qodef-m qodef-qi-section-title qodef-decoration--italic qodef-link--underline-draw qodef-subtitle-icon--left\">\n\t\t\t\t<h6 class=\"qodef-m-subtitle\">\n\t\tPiercing Roma\t\t\t<\/h6>\n\t\t\t<h2 class=\"qodef-m-title\">\n\t\tTipologie piercing\t<\/h2>\n\t\t\t<\/div>\n\t\t\t\t<\/div>\n\t\t\t\t<\/div>\n\t\t\t\t<section class=\"elementor-section elementor-inner-section elementor-element elementor-element-3afcd0f elementor-section-full_width elementor-section-height-default elementor-section-height-default qodef-elementor-content-no\" data-id=\"3afcd0f\" data-element_type=\"section\" data-e-type=\"section\">\n\t\t\t\t\t\t<div class=\"elementor-container elementor-column-gap-default\">\n\t\t\t\t\t<div class=\"elementor-column elementor-col-50 elementor-inner-column elementor-element elementor-element-efadecc\" data-id=\"efadecc\" data-element_type=\"column\" data-e-type=\"column\">\n\t\t\t<div class=\"elementor-widget-wrap elementor-element-populated\">\n\t\t\t\t\t\t<div class=\"elementor-element elementor-element-6015c6e elementor-widget elementor-widget-qi_addons_for_elementor_banner\" data-id=\"6015c6e\" data-element_type=\"widget\" data-e-type=\"widget\" data-widget_type=\"qi_addons_for_elementor_banner.default\">\n\t\t\t\t<div class=\"elementor-widget-container\">\n\t\t\t\t\t<div class=\"qodef-shortcode qodef-m qodef-qi-banner qodef-layout--standard qodef-vertical--bottom qodef-horizontal--left qodef-image--hover-move\">\n\t<div class=\"qodef-m-image\">\n\t<img loading=\"lazy\" decoding=\"async\" width=\"1440\" height=\"1440\" src=\"https:\/\/damiopiercer.it\/wp-content\/uploads\/2025\/03\/piercing-lingua-damio.jpg\" class=\"attachment-full size-full\" alt=\"\" srcset=\"https:\/\/damiopiercer.it\/wp-content\/uploads\/2025\/03\/piercing-lingua-damio.jpg 1440w, https:\/\/damiopiercer.it\/wp-content\/uploads\/2025\/03\/piercing-lingua-damio-300x300.jpg 300w, https:\/\/damiopiercer.it\/wp-content\/uploads\/2025\/03\/piercing-lingua-damio-1024x1024.jpg 1024w, https:\/\/damiopiercer.it\/wp-content\/uploads\/2025\/03\/piercing-lingua-damio-150x150.jpg 150w, https:\/\/damiopiercer.it\/wp-content\/uploads\/2025\/03\/piercing-lingua-damio-768x768.jpg 768w, https:\/\/damiopiercer.it\/wp-content\/uploads\/2025\/03\/piercing-lingua-damio-650x650.jpg 650w, https:\/\/damiopiercer.it\/wp-content\/uploads\/2025\/03\/piercing-lingua-damio-1300x1300.jpg 1300w\" sizes=\"(max-width: 1440px) 100vw, 1440px\" \/><\/div>\n\t<div class=\"qodef-m-content\">\n\t\t<div class=\"qodef-m-content-inner\">\n\t\t\t\t\t\t\t\t\t\t\t\t\t\t<\/div>\n\t<\/div>\n\t\t<a itemprop=\"url\" href=\"https:\/\/damiopiercer.it\/?page_id=1645\" class=\"qodef-m-banner-link\" target=\"_self\"><\/a>\n<\/div>\n\t\t\t\t<\/div>\n\t\t\t\t<\/div>\n\t\t\t\t<div class=\"elementor-element elementor-element-060bf41 elementor-widget__width-initial elementor-widget-tablet__width-inherit elementor-widget elementor-widget-qi_addons_for_elementor_section_title\" data-id=\"060bf41\" data-element_type=\"widget\" data-e-type=\"widget\" data-widget_type=\"qi_addons_for_elementor_section_title.default\">\n\t\t\t\t<div class=\"elementor-widget-container\">\n\t\t\t\t\t<div class=\"qodef-shortcode qodef-m qodef-qi-section-title qodef-decoration--italic qodef-link--underline-draw qodef-subtitle-icon--left\">\n\t\t\t\t\t\t\t\t<div class=\"qodef-m-text\"><p class=\"\">Ci sono piercing per tutti i gusti: audaci, discreti, ognuno con la sua storia e il suo significato.<\/p><p class=\"\">Che si parli delle origini del piercing o delle persone che li scelgono, una cosa \u00e8 certa: il piercing non ha et\u00e0. Non \u00e8 mai \u201ctroppo tardi\u201d per farne uno, mentre a volte potrebbe essere un po\u2019 presto.<\/p><p class=\"\">Il mondo del body piercing \u00e8 in continua evoluzione, ed \u00e8 proprio questo che mi affascina insieme al legame che si crea tra i piercing e le persone.<\/p><\/div>\n\t\t<div class=\"qodef-m-button qodef-qi-clear\">\n\t\t<a class=\"qodef-shortcode qodef-m qodef-qi-button qodef-html--link qodef-layout--textual qodef-type--standard qodef-icon--right qodef-hover--icon-move-horizontal-short qodef-text-underline qodef-underline--left\" href=\"#\" target=\"_self\">\t<span class=\"qodef-m-text\">View more<\/span>\t\t<span class=\"qodef-m-icon\">\t\t<span class=\"qodef-m-icon-inner\">\t\t\t\t\t\t\t\t<\/span>\t<\/span><\/a>\t<\/div>\n<\/div>\n\t\t\t\t<\/div>\n\t\t\t\t<\/div>\n\t\t\t\t\t<\/div>\n\t\t<\/div>\n\t\t\t\t<div class=\"elementor-column elementor-col-50 elementor-inner-column elementor-element elementor-element-29c139f\" data-id=\"29c139f\" data-element_type=\"column\" data-e-type=\"column\">\n\t\t\t<div class=\"elementor-widget-wrap elementor-element-populated\">\n\t\t\t\t\t\t<div class=\"elementor-element elementor-element-383f3bf elementor-widget elementor-widget-qi_addons_for_elementor_banner\" data-id=\"383f3bf\" data-element_type=\"widget\" data-e-type=\"widget\" data-widget_type=\"qi_addons_for_elementor_banner.default\">\n\t\t\t\t<div class=\"elementor-widget-container\">\n\t\t\t\t\t<div class=\"qodef-shortcode qodef-m qodef-qi-banner qodef-layout--standard qodef-vertical--bottom qodef-horizontal--left qodef-image--hover-move\">\n\t<div class=\"qodef-m-image\">\n\t<img loading=\"lazy\" decoding=\"async\" width=\"1440\" height=\"1440\" src=\"https:\/\/damiopiercer.it\/wp-content\/uploads\/2025\/03\/piercing-intimi.jpg\" class=\"attachment-full size-full\" alt=\"\" srcset=\"https:\/\/damiopiercer.it\/wp-content\/uploads\/2025\/03\/piercing-intimi.jpg 1440w, https:\/\/damiopiercer.it\/wp-content\/uploads\/2025\/03\/piercing-intimi-300x300.jpg 300w, https:\/\/damiopiercer.it\/wp-content\/uploads\/2025\/03\/piercing-intimi-1024x1024.jpg 1024w, https:\/\/damiopiercer.it\/wp-content\/uploads\/2025\/03\/piercing-intimi-150x150.jpg 150w, https:\/\/damiopiercer.it\/wp-content\/uploads\/2025\/03\/piercing-intimi-768x768.jpg 768w, https:\/\/damiopiercer.it\/wp-content\/uploads\/2025\/03\/piercing-intimi-650x650.jpg 650w, https:\/\/damiopiercer.it\/wp-content\/uploads\/2025\/03\/piercing-intimi-1300x1300.jpg 1300w\" sizes=\"(max-width: 1440px) 100vw, 1440px\" \/><\/div>\n\t<div class=\"qodef-m-content\">\n\t\t<div class=\"qodef-m-content-inner\">\n\t\t\t\t\t\t\t\t\t\t\t\t\t\t<\/div>\n\t<\/div>\n\t\t<a itemprop=\"url\" href=\"https:\/\/damiopiercer.it\/?page_id=3450\" class=\"qodef-m-banner-link\" target=\"_self\"><\/a>\n<\/div>\n\t\t\t\t<\/div>\n\t\t\t\t<\/div>\n\t\t\t\t<div class=\"elementor-element elementor-element-4a172e5 elementor-widget__width-initial elementor-widget-tablet__width-inherit elementor-widget elementor-widget-qi_addons_for_elementor_section_title\" data-id=\"4a172e5\" data-element_type=\"widget\" data-e-type=\"widget\" data-widget_type=\"qi_addons_for_elementor_section_title.default\">\n\t\t\t\t<div class=\"elementor-widget-container\">\n\t\t\t\t\t<div class=\"qodef-shortcode qodef-m qodef-qi-section-title qodef-decoration--italic qodef-link--underline-draw qodef-subtitle-icon--left\">\n\t\t\t\t\t\t\t\t<div class=\"qodef-m-text\"><p>I piercing ai capezzoli sono molto pi\u00f9 di un semplice accessorio: rappresentano espressione, libert\u00e0 e intimit\u00e0. Possono essere un segreto personale o un dettaglio da mostrare con orgoglio. Vengono scelti per tanti motivi: per sentirsi pi\u00f9 a proprio agio con il proprio corpo, per correggere piccoli difetti estetici, per l\u2019adrenalina dell\u2019esperienza o semplicemente per moda. C\u2019\u00e8 chi li vede come un simbolo di forza personale, chi li lega a un cambiamento nella propria vita e chi li sceglie per il piacere delle sensazioni che regalano. In fondo, se vi intriga, perch\u00e9 no? Il dolore passa, il piercing resta finch\u00e9 lo desideriamo.<\/p><\/div>\n\t\t<div class=\"qodef-m-button qodef-qi-clear\">\n\t\t<a class=\"qodef-shortcode qodef-m qodef-qi-button qodef-html--link qodef-layout--textual qodef-type--standard qodef-icon--right qodef-hover--icon-move-horizontal-short qodef-text-underline qodef-underline--left\" href=\"#\" target=\"_self\">\t<span class=\"qodef-m-text\">View more<\/span>\t\t<span class=\"qodef-m-icon\">\t\t<span class=\"qodef-m-icon-inner\">\t\t\t\t\t\t\t\t<\/span>\t<\/span><\/a>\t<\/div>\n<\/div>\n\t\t\t\t<\/div>\n\t\t\t\t<\/div>\n\t\t\t\t\t<\/div>\n\t\t<\/div>\n\t\t\t\t\t<\/div>\n\t\t<\/section>\n\t\t\t\t\t<\/div>\n\t\t<\/div>\n\t\t\t\t\t<\/div>\n\t\t<\/section>\n\t\t\t\t<\/div>\n\t\t","protected":false},"excerpt":{"rendered":"<p>Damio Piercer About ME Damiano Apuzzo, conosciuto come Damio, specializzato in body piercing. Con una vera passione per l&#8217;arte del corpo e una grande attenzione per i dettagli, Damio offre un&#8217;esperienza sicura e personalizzata ai suoi clienti. Combinando competenza tecnica e creativit\u00e0, ogni intervento \u00e8 curato con dedizione e attenzione, tenendo conto dell&#8217;estetica e dell&#8217;anatomia [&hellip;]<\/p>\n","protected":false},"author":1,"featured_media":0,"parent":0,"menu_order":0,"comment_status":"closed","ping_status":"closed","template":"qi-full-width.php","meta":{"content-type":"","footnotes":""},"class_list":["post-1025","page","type-page","status-publish","hentry"],"_links":{"self":[{"href":"https:\/\/damiopiercer.it\/index.php?rest_route=\/wp\/v2\/pages\/1025","targetHints":{"allow":["GET"]}}],"collection":[{"href":"https:\/\/damiopiercer.it\/index.php?rest_route=\/wp\/v2\/pages"}],"about":[{"href":"https:\/\/damiopiercer.it\/index.php?rest_route=\/wp\/v2\/types\/page"}],"author":[{"embeddable":true,"href":"https:\/\/damiopiercer.it\/index.php?rest_route=\/wp\/v2\/users\/1"}],"replies":[{"embeddable":true,"href":"https:\/\/damiopiercer.it\/index.php?rest_route=%2Fwp%2Fv2%2Fcomments&post=1025"}],"version-history":[{"count":55,"href":"https:\/\/damiopiercer.it\/index.php?rest_route=\/wp\/v2\/pages\/1025\/revisions"}],"predecessor-version":[{"id":3547,"href":"https:\/\/damiopiercer.it\/index.php?rest_route=\/wp\/v2\/pages\/1025\/revisions\/3547"}],"wp:attachment":[{"href":"https:\/\/damiopiercer.it\/index.php?rest_route=%2Fwp%2Fv2%2Fmedia&parent=1025"}],"curies":[{"name":"wp","href":"https:\/\/api.w.org\/{rel}","templated":true}]}}