{"id":1222,"date":"2020-11-20T08:05:55","date_gmt":"2020-11-20T08:05:55","guid":{"rendered":"https:\/\/qi75.qodeinteractive.com\/?page_id=1222"},"modified":"2025-04-01T16:45:14","modified_gmt":"2025-04-01T14:45:14","slug":"aftercare","status":"publish","type":"page","link":"https:\/\/damiopiercer.it\/?page_id=1222","title":{"rendered":"Aftercare"},"content":{"rendered":"\t\t<div data-elementor-type=\"wp-page\" data-elementor-id=\"1222\" class=\"elementor elementor-1222\">\n\t\t\t\t\t\t<section class=\"elementor-section elementor-top-section elementor-element elementor-element-4720e27 qodef-elementor-content-grid elementor-section-boxed elementor-section-height-default elementor-section-height-default\" data-id=\"4720e27\" data-element_type=\"section\" data-e-type=\"section\" data-settings=\"{&quot;background_background&quot;:&quot;classic&quot;}\">\n\t\t\t\t\t\t<div class=\"elementor-container elementor-column-gap-default\">\n\t\t\t\t\t<div class=\"elementor-column elementor-col-50 elementor-top-column elementor-element elementor-element-fd231a3\" data-id=\"fd231a3\" data-element_type=\"column\" data-e-type=\"column\">\n\t\t\t<div class=\"elementor-widget-wrap elementor-element-populated\">\n\t\t\t\t\t\t<div class=\"elementor-element elementor-element-46bbce8 elementor-widget-tablet__width-inherit elementor-widget elementor-widget-qi_addons_for_elementor_section_title\" data-id=\"46bbce8\" data-element_type=\"widget\" data-e-type=\"widget\" data-widget_type=\"qi_addons_for_elementor_section_title.default\">\n\t\t\t\t<div class=\"elementor-widget-container\">\n\t\t\t\t\t<div class=\"qodef-shortcode qodef-m qodef-qi-section-title qodef-decoration--italic qodef-link--underline-draw qodef-subtitle-icon--left\">\n\t\t\t\t\t\t<h2 class=\"qodef-m-title\">\n\t\tSoluzioni per la Pulizia\t<\/h2>\n\t\t\t<div class=\"qodef-m-text\"><p>La APP (Association of Professional Piercers) non raccomanda pi\u00f9 la pratica di preparare soluzioni saline fai-da-te con il sale marino. Questo perch\u00e9, nella maggior parte dei casi, la soluzione risulta troppo concentrata e salata, causando un\u2019eccessiva secchezza del piercing e ostacolando il processo di guarigione.<\/p><p>Si consiglia fortemente di utilizzare una soluzione salina sterile, specificamente etichettata per la pulizia delle ferite. Gli ingredienti della soluzione salina dovrebbero includere solo <strong>0,9% di cloruro di sodio<\/strong> (talvolta accompagnato dalla dicitura \u201cacqua purificata\u201d). \u00c8 importante evitare soluzioni con additivi come <strong>idratanti o antibatterici<\/strong>, nonch\u00e9 prodotti simili ma non adatti, come soluzioni saline per lenti a contatto, spray nasali o colliri.<\/p><\/div>\n\t<\/div>\n\t\t\t\t<\/div>\n\t\t\t\t<\/div>\n\t\t\t\t<div class=\"elementor-element elementor-element-8d52095 elementor-widget-tablet__width-inherit elementor-widget elementor-widget-qi_addons_for_elementor_section_title\" data-id=\"8d52095\" data-element_type=\"widget\" data-e-type=\"widget\" data-widget_type=\"qi_addons_for_elementor_section_title.default\">\n\t\t\t\t<div class=\"elementor-widget-container\">\n\t\t\t\t\t<div class=\"qodef-shortcode qodef-m qodef-qi-section-title qodef-decoration--italic qodef-link--underline-draw qodef-subtitle-icon--left\">\n\t\t\t\t\t\t<h2 class=\"qodef-m-title\">\n\t\tIstruzioni per la Pulizia dei Piercing Corporei\t<\/h2>\n\t\t\t<div class=\"qodef-m-text\"><ul><li><strong>LAVA<\/strong> accuratamente le mani prima di pulire o toccare il piercing per qualsiasi motivo.<\/li><li><strong>SPRUZZA<\/strong> una soluzione salina sterile per la pulizia delle ferite durante il periodo di guarigione. Non \u00e8 necessario muovere o ruotare il gioiello durante la pulizia o il risciacquo, poich\u00e9 ci\u00f2 potrebbe irritare il piercing.<\/li><li><strong>ASCIUGA<\/strong> utilizzando prodotti monouso e puliti, come garze sterili o cotton fioc, rimuovendo delicatamente eventuali residui o accumuli di croste. Evita gli asciugamani in tessuto, poich\u00e9 possono trattenere batteri e impigliarsi nel gioiello.<\/li><\/ul><\/div>\n\t<\/div>\n\t\t\t\t<\/div>\n\t\t\t\t<\/div>\n\t\t\t\t<div class=\"elementor-element elementor-element-adacb1f elementor-widget__width-initial elementor-widget-tablet__width-inherit elementor-widget elementor-widget-qi_addons_for_elementor_section_title\" data-id=\"adacb1f\" data-element_type=\"widget\" data-e-type=\"widget\" data-widget_type=\"qi_addons_for_elementor_section_title.default\">\n\t\t\t\t<div class=\"elementor-widget-container\">\n\t\t\t\t\t<div class=\"qodef-shortcode qodef-m qodef-qi-section-title qodef-decoration--italic qodef-link--underline-draw qodef-subtitle-icon--left\">\n\t\t\t<h2 class=\"qodef-m-title\">\n\t\tCosa \u00e8 Normale?\t<\/h2>\n\t\t\t\t\t\t<div class=\"qodef-m-text\"><ul><li><strong>Inizialmente<\/strong>: \u00e8 normale riscontrare un po\u2019 di sanguinamento, gonfiore localizzato, sensibilit\u00e0 o lividi.<\/li><li><strong>Durante la guarigione<\/strong>: possono verificarsi cambiamenti di colore, prurito e la secrezione di un fluido bianco-giallastro che potrebbe formare delle crosticine sul gioiello. Inoltre, il tessuto potrebbe stringersi attorno al gioiello mentre guarisce.<\/li><li><strong>Attenzione<\/strong>: un piercing pu\u00f2 sembrare guarito prima che il processo di guarigione sia effettivamente completato. Questo perch\u00e9 la ferita guarisce dall\u2019esterno verso l\u2019interno. Anche se all\u2019esterno sembra a posto, l\u2019interno potrebbe essere ancora fragile. Sii paziente e continua a pulire il piercing per tutto il periodo di guarigione.<\/li><li><strong>Una volta guarito<\/strong>: il gioiello potrebbe non muoversi liberamente nel foro; non forzarlo. Includere la pulizia del piercing nella tua routine di igiene quotidiana aiuta a mantenerlo pulito ed evitare l\u2019accumulo di secrezioni normali, che potrebbero avere un odore sgradevole.<\/li><\/ul><p><strong>Consiglio<\/strong>: i piercing, anche quelli completamente guariti, possono restringersi o chiudersi in pochi minuti, anche dopo anni! Questo varia da persona a persona. Se vuoi mantenere il tuo piercing, non lasciare il foro vuoto: tieni sempre un gioiello inserito.<\/p><\/div>\n\t\t<div class=\"qodef-m-button qodef-qi-clear\">\n\t\t<a class=\"qodef-shortcode qodef-m qodef-qi-button qodef-html--link qodef-layout--textual qodef-type--standard qodef-icon--right qodef-hover--icon-move-horizontal-short qodef-text-underline qodef-underline--left\" href=\"#\" target=\"_self\">\t<span class=\"qodef-m-text\">View more<\/span>\t\t<span class=\"qodef-m-icon\">\t\t<span class=\"qodef-m-icon-inner\">\t\t\t\t\t\t\t\t<\/span>\t<\/span><\/a>\t<\/div>\n<\/div>\n\t\t\t\t<\/div>\n\t\t\t\t<\/div>\n\t\t\t\t<div class=\"elementor-element elementor-element-47a628c elementor-widget__width-initial elementor-widget-tablet__width-inherit elementor-widget elementor-widget-qi_addons_for_elementor_section_title\" data-id=\"47a628c\" data-element_type=\"widget\" data-e-type=\"widget\" data-widget_type=\"qi_addons_for_elementor_section_title.default\">\n\t\t\t\t<div class=\"elementor-widget-container\">\n\t\t\t\t\t<div class=\"qodef-shortcode qodef-m qodef-qi-section-title qodef-decoration--italic qodef-link--underline-draw qodef-subtitle-icon--left\">\n\t\t\t<h2 class=\"qodef-m-title\">\n\t\tCosa Fare\t<\/h2>\n\t\t\t\t\t\t<div class=\"qodef-m-text\"><ul><li><strong>Lavati le mani<\/strong> prima di toccare il piercing; evita di toccarlo se non per pulirlo.<\/li><li><strong>Non girare, ruotare o muovere il gioiello<\/strong> durante la guarigione.<\/li><li><strong>Attivit\u00e0 fisica<\/strong>: esercizio e sudorazione vanno bene, ma evita attivit\u00e0 che possano urtare o irritare il piercing. Proteggilo dai batteri presenti su attrezzi da palestra e tappetini.<\/li><li><strong>Igiene del letto<\/strong>: cambia e lava regolarmente lenzuola e federe. Indossa abiti <strong>puliti, comodi e traspiranti<\/strong> che proteggano il piercing durante il sonno.<\/li><li><strong>Docce vs. bagni<\/strong>: le <strong>docce sono pi\u00f9 sicure<\/strong> dei bagni, poich\u00e9 le vasche possono accumulare batteri. Se fai il bagno, <strong>puliscila bene prima<\/strong> di ogni utilizzo e risciacqua il piercing dopo.<\/li><\/ul><\/div>\n\t<\/div>\n\t\t\t\t<\/div>\n\t\t\t\t<\/div>\n\t\t\t\t<div class=\"elementor-element elementor-element-c93aeb8 elementor-widget__width-initial elementor-widget-tablet__width-inherit elementor-widget elementor-widget-qi_addons_for_elementor_section_title\" data-id=\"c93aeb8\" data-element_type=\"widget\" data-e-type=\"widget\" data-widget_type=\"qi_addons_for_elementor_section_title.default\">\n\t\t\t\t<div class=\"elementor-widget-container\">\n\t\t\t\t\t<div class=\"qodef-shortcode qodef-m qodef-qi-section-title qodef-decoration--italic qodef-link--underline-draw qodef-subtitle-icon--left\">\n\t\t\t<h2 class=\"qodef-m-title\">\n\t\tCosa Evitare\t<\/h2>\n\t\t\t\t\t\t<div class=\"qodef-m-text\"><ul><li><strong>Prodotti aggressivi<\/strong>: evita di pulire il piercing con <strong>alcool, acqua ossigenata, saponi antibatterici, iodio o unguenti<\/strong>, poich\u00e9 possono danneggiare le cellule e rallentare la guarigione.<\/li><li><strong>Soluzioni inadatte<\/strong>: non usare <strong>Bactine\u00ae, soluzioni per orecchie forate o prodotti con Benzalconio Cloruro (BZK)<\/strong>, poich\u00e9 possono irritare la pelle e non sono adatti per la cura a lungo termine delle ferite.<\/li><li><strong>Eccessiva pulizia<\/strong>: pulire troppo spesso il piercing pu\u00f2 irritarlo e ritardare la guarigione.<\/li><li><strong>Traumi e sfregamenti<\/strong>: evita la pressione degli indumenti, il movimento eccessivo dell\u2019area, il contatto con gioielli o la pulizia troppo energica. Questo pu\u00f2 causare <strong>cicatrici, migrazione del piercing e tempi di guarigione prolungati<\/strong>.<\/li><li><strong>Contatti non igienici<\/strong>: evita <strong>baci, contatti orali, giochi bruschi e il contatto con fluidi corporei<\/strong> di altre persone durante la guarigione.<\/li><li><strong>Stile di vita<\/strong>: riduci <strong>stress, droghe, caffeina, nicotina e alcol<\/strong>, poich\u00e9 possono rallentare la guarigione.<\/li><li><strong>Immersione in acqua<\/strong>: non immergere il piercing in <strong>laghi, piscine, oceani o vasche idromassaggio<\/strong>. Se necessario, usa una <strong>pellicola impermeabile trasparente<\/strong> (disponibile in farmacia), utile per piercing a capezzoli, ombelico e surface.<\/li><li><strong>Prodotti di bellezza<\/strong>: non applicare <strong>trucco, creme, lozioni o spray<\/strong> vicino al piercing.<\/li><li><strong>Accessori sul gioiello<\/strong>: non aggiungere <strong>ciondoli o altri oggetti<\/strong> fino a quando il piercing non \u00e8 completamente guarito.<\/li><\/ul><\/div>\n\t<\/div>\n\t\t\t\t<\/div>\n\t\t\t\t<\/div>\n\t\t\t\t\t<\/div>\n\t\t<\/div>\n\t\t\t\t<div class=\"elementor-column elementor-col-50 elementor-top-column elementor-element elementor-element-e9a5d61\" data-id=\"e9a5d61\" data-element_type=\"column\" data-e-type=\"column\">\n\t\t\t<div class=\"elementor-widget-wrap elementor-element-populated\">\n\t\t\t\t\t\t<div class=\"elementor-element elementor-element-176fe29 elementor-widget__width-initial elementor-widget-tablet__width-inherit elementor-widget elementor-widget-qi_addons_for_elementor_section_title\" data-id=\"176fe29\" data-element_type=\"widget\" data-e-type=\"widget\" data-widget_type=\"qi_addons_for_elementor_section_title.default\">\n\t\t\t\t<div class=\"elementor-widget-container\">\n\t\t\t\t\t<div class=\"qodef-shortcode qodef-m qodef-qi-section-title qodef-decoration--italic qodef-link--underline-draw qodef-subtitle-icon--left\">\n\t\t\t<h2 class=\"qodef-m-title\">\n\t\tSuggerimenti e Consigli\t<\/h2>\n\t\t\t\t<h4 class=\"qodef-m-subtitle\">\n\t\tGioielli\t\t\t<\/h4>\n\t\t\t<div class=\"qodef-m-text\"><ul><li>A meno che non ci siano problemi con la <strong>dimensione, lo stile o il materiale<\/strong> del gioiello iniziale, lascialo in posizione per tutto il processo di guarigione.<\/li><li>Molti piercing necessitano di una riduzione della lunghezza del gioiello <strong>prima della completa guarigione<\/strong>. Rivolgiti a un piercer qualificato per effettuare questo cambio in sicurezza. Puoi consultare il nostro <strong>localizzatore di membri APP<\/strong> o richiedere una copia della guida <em>Scegliere il tuo piercer<\/em>.<\/li><li><strong>Non rimuovere il gioiello!<\/strong> Anche i piercing completamente guariti possono restringersi o chiudersi in pochi minuti. Se rimosso, potrebbe essere difficile o impossibile reinserirlo. Se devi rimuovere temporaneamente il gioiello (ad esempio per un intervento medico), chiedi al tuo piercer un'alternativa <strong>non metallica<\/strong>.<\/li><li>Con mani pulite o utilizzando prodotti monouso, controlla regolarmente che le chiusure del gioiello filettato o senza filettatura siano ben serrate.<\/li><\/ul><h4><strong>Rimozione del Piercing<\/strong><\/h4><ul><li>Se decidi di <strong>rimuovere il piercing in modo permanente<\/strong>, estrai semplicemente il gioiello (o fatti aiutare da un piercer professionista) e continua la pulizia fino alla completa chiusura del foro.<\/li><li>I piercing modificano permanentemente il corpo: sebbene la cicatrizzazione sia generalmente minima, la loro rimozione lascer\u00e0 <strong>una cicatrice visibile<\/strong>.<\/li><\/ul><h4><strong>In caso di infezione<\/strong><\/h4><ul><li>Se sospetti un\u2019infezione, consulta un medico per sapere se \u00e8 opportuno <strong>lasciare il gioiello di qualit\u00e0<\/strong> o sostituirlo con un\u2019alternativa adeguata.<\/li><\/ul><\/div>\n\t\t<div class=\"qodef-m-button qodef-qi-clear\">\n\t\t<a class=\"qodef-shortcode qodef-m qodef-qi-button qodef-html--link qodef-layout--textual qodef-type--standard qodef-icon--right qodef-hover--icon-move-horizontal-short qodef-text-underline qodef-underline--left\" href=\"#\" target=\"_self\">\t<span class=\"qodef-m-text\">View more<\/span>\t\t<span class=\"qodef-m-icon\">\t\t<span class=\"qodef-m-icon-inner\">\t\t\t\t\t\t\t\t<\/span>\t<\/span><\/a>\t<\/div>\n<\/div>\n\t\t\t\t<\/div>\n\t\t\t\t<\/div>\n\t\t\t\t<div class=\"elementor-element elementor-element-90af853 elementor-widget__width-initial elementor-widget-tablet__width-inherit elementor-widget elementor-widget-qi_addons_for_elementor_section_title\" data-id=\"90af853\" data-element_type=\"widget\" data-e-type=\"widget\" data-widget_type=\"qi_addons_for_elementor_section_title.default\">\n\t\t\t\t<div class=\"elementor-widget-container\">\n\t\t\t\t\t<div class=\"qodef-shortcode qodef-m qodef-qi-section-title qodef-decoration--italic qodef-link--underline-draw qodef-subtitle-icon--left\">\n\t\t\t<h2 class=\"qodef-m-title\">\n\t\tCura Specifica per Diverse Aree del Corpo\t<\/h2>\n\t\t\t\t\t\t<div class=\"qodef-m-text\"><h4><strong>Ombelico<\/strong><\/h4><ul><li>Per proteggere il piercing da irritazioni e traumi (come sport o abbigliamento aderente), puoi utilizzare una <strong>benda rigida ventilata per gli occhi<\/strong>, disponibile in farmacia.<\/li><li>Se vuoi evitare irritazioni causate da cerotti o nastro medico, puoi fissare la protezione sopra il piercing utilizzando <strong>collant, calze o una fascia elastica<\/strong> intorno al corpo.<\/li><\/ul><h4><strong>Orecchio, Cartilagine e Viso<\/strong><\/h4><ul><li><strong>Igiene del letto<\/strong>: cambia regolarmente lenzuola e federe. Un trucco utile \u00e8 infilare il cuscino in una <strong>t-shirt pulita e grande<\/strong>, ottenendo <strong>quattro superfici pulite<\/strong> girando il cuscino e rigirando la maglietta.<\/li><li><strong>Oggetti a contatto<\/strong>: pulisci regolarmente telefoni, cuffie, occhiali e altri accessori con un disinfettante adeguato. Lava spesso cappelli, sciarpe, fasce per capelli, ecc.<\/li><li><strong>Attenzione ai capelli<\/strong>: fai attenzione mentre pettini i capelli e informa il parrucchiere se hai un piercing in fase di guarigione.<\/li><li><strong>Evita la pressione durante il sonno<\/strong>: dormire direttamente su un piercing alla cartilagine pu\u00f2 causare irritazione o addirittura modificare l\u2019angolazione del foro. Usa un <strong>cuscino da viaggio<\/strong> sopra il cuscino normale, posizionando l\u2019orecchio nell\u2019apertura per ridurre la pressione.<\/li><\/ul><h4><strong>Capezzoli<\/strong><\/h4><ul><li>Indossare una <strong>maglietta di cotone aderente<\/strong> o un <strong>reggiseno sportivo<\/strong> pu\u00f2 fornire supporto e protezione, migliorando il comfort, soprattutto durante il sonno.<\/li><\/ul><h4><strong>Genitali<\/strong><\/h4><ul><li><strong>Sanguinamento iniziale<\/strong>: alcuni piercing genitali, come Triangle, Prince Albert, Ampallang e Apadravya, possono sanguinare nei primi giorni. Preparati a gestire questo aspetto.<\/li><li><strong>Igiene<\/strong>: lavati le mani prima di toccare il piercing o la zona circostante. Non \u00e8 necessario effettuare pulizie aggiuntive dopo la minzione.<\/li><li><strong>Attivit\u00e0 sessuale<\/strong>: puoi riprendere i rapporti quando ti senti pronto, ma \u00e8 fondamentale <strong>mantenere un\u2019elevata igiene ed evitare traumi<\/strong>. Le attivit\u00e0 sessuali dovrebbero essere <strong>delicate<\/strong> durante la guarigione.<\/li><li><strong>Protezione<\/strong>: usa <strong>barriere protettive<\/strong> come preservativi, dental dam e bendaggi impermeabili per evitare il contatto con i fluidi corporei, anche nelle relazioni monogame a lungo termine. Proteggi anche i <strong>sex toys<\/strong>.<\/li><li><strong>Lubrificanti<\/strong>: usa <strong>esclusivamente lubrificanti a base d\u2019acqua<\/strong> da un contenitore nuovo. <strong>Evita la saliva<\/strong>.<\/li><li><strong>Doccia dopo i rapporti<\/strong>: \u00e8 consigliato lavarsi dopo l\u2019attivit\u00e0 sessuale.<\/li><\/ul><h4><strong>Microdermal (Surface Anchors)<\/strong><\/h4><ul><li>Questi piercing <strong>richiedono manutenzione costante<\/strong>, poich\u00e9 possono accumulare residui sotto la parte filettata e causare irritazione.<\/li><li>Pulizia regolare con <strong>soluzione salina e risciacqui sotto la doccia<\/strong> pu\u00f2 aiutare a mantenere pulita l\u2019area.<\/li><li><strong>Evita il trucco<\/strong> sulla zona del piercing, anche dopo la guarigione.<\/li><li><strong>Durata<\/strong>: anche con la cura adeguata, i surface anchor possono essere <strong>meno permanenti<\/strong> rispetto ad altri piercing.<\/li><\/ul><h3><strong>Alternative per la Cura del Piercing<\/strong><\/h3><p>La cura dei piercing \u00e8 in continua evoluzione e pu\u00f2 variare a seconda del <strong>clima e della disponibilit\u00e0 di prodotti<\/strong> nella tua regione.<\/p><ul><li><strong>Saponi<\/strong>: se scegli di usare il sapone, opta per uno <strong>delicato, senza sostanze chimiche aggressive, coloranti o profumi<\/strong>. Evita saponi antibatterici, che possono causare <strong>secchezza e irritazione<\/strong>. Se il tuo piercer consiglia l\u2019uso di sapone, assicurati di <strong>risciacquarlo completamente<\/strong>.<\/li><li><strong>Se la soluzione salina sterile non \u00e8 disponibile<\/strong>, mantieni il piercing pulito risciacquandolo bene sotto la doccia. Consulta un <strong>piercer locale<\/strong> per suggerimenti specifici alla tua area.<\/li><\/ul><\/div>\n\t<\/div>\n\t\t\t\t<\/div>\n\t\t\t\t<\/div>\n\t\t\t\t\t<\/div>\n\t\t<\/div>\n\t\t\t\t\t<\/div>\n\t\t<\/section>\n\t\t<div class=\"elementor-element elementor-element-5794228 e-grid e-con-boxed qodef-elementor-content-no e-con e-parent\" data-id=\"5794228\" data-element_type=\"container\" data-e-type=\"container\" data-settings=\"{&quot;background_background&quot;:&quot;classic&quot;}\">\n\t\t\t\t\t<div class=\"e-con-inner\">\n\t\t\t\t<div class=\"elementor-element elementor-element-51cc428 elementor-widget__width-initial elementor-widget-tablet__width-inherit elementor-widget elementor-widget-qi_addons_for_elementor_section_title\" data-id=\"51cc428\" data-element_type=\"widget\" data-e-type=\"widget\" data-widget_type=\"qi_addons_for_elementor_section_title.default\">\n\t\t\t\t<div class=\"elementor-widget-container\">\n\t\t\t\t\t<div class=\"qodef-shortcode qodef-m qodef-qi-section-title qodef-decoration--italic qodef-link--underline-draw qodef-subtitle-icon--left\">\n\t\t\t\t\t\t\t\t<div class=\"qodef-m-text\"><h3><strong>Dichiarazione di Responsabilit\u00e0 e testi Aftercare<\/strong><\/h3><p>Concessi da: APP (Association of Professional Piercers)<\/p><p>Queste linee guida si basano su un\u2019ampia esperienza professionale, buon senso, ricerche e pratica clinica approfondita. <strong>Non sostituiscono in alcun modo un consulto medico.<\/strong> Se sospetti un\u2019infezione, <strong>rivolgiti a un medico.<\/strong><\/p><p>Tieni presente che molti dottori <strong>non hanno ricevuto una formazione specifica sui piercing.<\/strong> Un piercer esperto potrebbe indirizzarti verso un professionista sanitario <strong>competente in materia di piercing.<\/strong>\u00a0<\/p><p>L\u2019uso di questa brochure <strong>non implica l\u2019appartenenza all\u2019APP.<\/strong> L\u2019elenco aggiornato dei membri APP \u00e8 disponibile su <strong>safepiercing.org<\/strong>. Eventuali <strong>dichiarazioni false di affiliazione<\/strong> all\u2019APP dovrebbero essere segnalate all\u2019organizzazione.<\/p><p>Il logo dell\u2019APP \u00e8 un marchio registrato dell\u2019<strong>Association of Professional Piercers.<\/strong> Questa brochure \u00e8 concessa in licenza <strong>Creative Commons Attribution-Noncommercial-No Derivative Works License<\/strong>. Puoi consultare la licenza completa su:<br \/><strong><a href=\"http:\/\/creativecommons.org\/licenses\/by-nc-nd\/3.0\/\" target=\"_new\" rel=\"noopener\">creativecommons.org\/licenses\/by-nc-nd\/3.0\/<\/a><\/strong><\/p><\/div>\n\t\t<div class=\"qodef-m-button qodef-qi-clear\">\n\t\t<a class=\"qodef-shortcode qodef-m qodef-qi-button qodef-html--link qodef-layout--textual qodef-type--standard qodef-icon--right qodef-hover--icon-move-horizontal-short qodef-text-underline qodef-underline--left\" href=\"#\" target=\"_self\">\t<span class=\"qodef-m-text\">View more<\/span>\t\t<span class=\"qodef-m-icon\">\t\t<span class=\"qodef-m-icon-inner\">\t\t\t\t\t\t\t\t<\/span>\t<\/span><\/a>\t<\/div>\n<\/div>\n\t\t\t\t<\/div>\n\t\t\t\t<\/div>\n\t\t\t\t\t<\/div>\n\t\t\t\t<\/div>\n\t\t\t\t<\/div>\n\t\t","protected":false},"excerpt":{"rendered":"<p>Soluzioni per la Pulizia La APP (Association of Professional Piercers) non raccomanda pi\u00f9 la pratica di preparare soluzioni saline fai-da-te con il sale marino. Questo perch\u00e9, nella maggior parte dei casi, la soluzione risulta troppo concentrata e salata, causando un\u2019eccessiva secchezza del piercing e ostacolando il processo di guarigione. Si consiglia fortemente di utilizzare una [&hellip;]<\/p>\n","protected":false},"author":1,"featured_media":0,"parent":0,"menu_order":0,"comment_status":"closed","ping_status":"closed","template":"elementor_header_footer","meta":{"content-type":"","footnotes":""},"class_list":["post-1222","page","type-page","status-publish","hentry"],"_links":{"self":[{"href":"https:\/\/damiopiercer.it\/index.php?rest_route=\/wp\/v2\/pages\/1222","targetHints":{"allow":["GET"]}}],"collection":[{"href":"https:\/\/damiopiercer.it\/index.php?rest_route=\/wp\/v2\/pages"}],"about":[{"href":"https:\/\/damiopiercer.it\/index.php?rest_route=\/wp\/v2\/types\/page"}],"author":[{"embeddable":true,"href":"https:\/\/damiopiercer.it\/index.php?rest_route=\/wp\/v2\/users\/1"}],"replies":[{"embeddable":true,"href":"https:\/\/damiopiercer.it\/index.php?rest_route=%2Fwp%2Fv2%2Fcomments&post=1222"}],"version-history":[{"count":45,"href":"https:\/\/damiopiercer.it\/index.php?rest_route=\/wp\/v2\/pages\/1222\/revisions"}],"predecessor-version":[{"id":3532,"href":"https:\/\/damiopiercer.it\/index.php?rest_route=\/wp\/v2\/pages\/1222\/revisions\/3532"}],"wp:attachment":[{"href":"https:\/\/damiopiercer.it\/index.php?rest_route=%2Fwp%2Fv2%2Fmedia&parent=1222"}],"curies":[{"name":"wp","href":"https:\/\/api.w.org\/{rel}","templated":true}]}}